{"id":98,"date":"2025-06-06T21:42:33","date_gmt":"2025-06-06T19:42:33","guid":{"rendered":"https:\/\/selchow.de\/wp\/?page_id=98"},"modified":"2026-01-07T15:33:10","modified_gmt":"2026-01-07T14:33:10","slug":"kunden-app","status":"publish","type":"page","link":"https:\/\/selchow.de\/wp\/?page_id=98","title":{"rendered":"Kunden-App"},"content":{"rendered":"\n<div class=\"wp-block-media-text is-stacked-on-mobile\" style=\"grid-template-columns:47% auto\"><figure class=\"wp-block-media-text__media\"><a href=\"https:\/\/selchow.de\/wp\/?page_id=381\"><img loading=\"lazy\" decoding=\"async\" width=\"1024\" height=\"1024\" src=\"https:\/\/selchow.de\/wp\/wp-content\/uploads\/2025\/06\/Instagram_klein-1024x1024.png\" alt=\"\" class=\"wp-image-72 size-full\" srcset=\"https:\/\/selchow.de\/wp\/wp-content\/uploads\/2025\/06\/Instagram_klein-1024x1024.png 1024w, https:\/\/selchow.de\/wp\/wp-content\/uploads\/2025\/06\/Instagram_klein-300x300.png 300w, https:\/\/selchow.de\/wp\/wp-content\/uploads\/2025\/06\/Instagram_klein-150x150.png 150w, https:\/\/selchow.de\/wp\/wp-content\/uploads\/2025\/06\/Instagram_klein-768x768.png 768w, https:\/\/selchow.de\/wp\/wp-content\/uploads\/2025\/06\/Instagram_klein-1536x1536.png 1536w, https:\/\/selchow.de\/wp\/wp-content\/uploads\/2025\/06\/Instagram_klein.png 2004w\" sizes=\"auto, (max-width: 1024px) 100vw, 1024px\" \/><\/a><\/figure><div class=\"wp-block-media-text__content\">\n<h4 class=\"wp-block-heading\">Nutzbar via Smartphone, Tablet, Laptop oder PC<\/h4>\n\n\n\n<p>Laden Sie sich die App im jeweiligen Store herunter, wenn Sie diese auf mobilen Endger\u00e4ten nutzen wollen:<\/p>\n\n\n\n<figure class=\"wp-block-gallery has-nested-images columns-default is-cropped wp-block-gallery-1 is-layout-flex wp-block-gallery-is-layout-flex\">\n<figure class=\"wp-block-image size-large is-style-default\"><a href=\"https:\/\/apps.apple.com\/de\/app\/insurgo\/id1575137501\"><img loading=\"lazy\" decoding=\"async\" width=\"225\" height=\"74\" data-id=\"202\" src=\"https:\/\/selchow.de\/wp\/wp-content\/uploads\/2025\/06\/Unbenannt-1-e1749382010395.jpg\" alt=\"\" class=\"wp-image-202\"\/><\/a><\/figure>\n\n\n\n<figure class=\"wp-block-image size-large\"><a href=\"https:\/\/play.google.com\/store\/apps\/details?id=de.insurgo.kundenapp&amp;hl=de&amp;gl=US\"><img loading=\"lazy\" decoding=\"async\" width=\"361\" height=\"139\" data-id=\"201\" src=\"https:\/\/selchow.de\/wp\/wp-content\/uploads\/2025\/06\/Unbenannt.png\" alt=\"\" class=\"wp-image-201\" srcset=\"https:\/\/selchow.de\/wp\/wp-content\/uploads\/2025\/06\/Unbenannt.png 361w, https:\/\/selchow.de\/wp\/wp-content\/uploads\/2025\/06\/Unbenannt-300x116.png 300w\" sizes=\"auto, (max-width: 361px) 100vw, 361px\" \/><\/a><\/figure>\n<\/figure>\n\n\n\n<div class=\"wp-block-media-text is-stacked-on-mobile\" style=\"grid-template-columns:40% auto\"><figure class=\"wp-block-media-text__media\"><img loading=\"lazy\" decoding=\"async\" width=\"1000\" height=\"219\" src=\"https:\/\/selchow.de\/wp\/wp-content\/uploads\/2025\/06\/md2x-1.jpg\" alt=\"\" class=\"wp-image-74 size-full\" srcset=\"https:\/\/selchow.de\/wp\/wp-content\/uploads\/2025\/06\/md2x-1.jpg 1000w, https:\/\/selchow.de\/wp\/wp-content\/uploads\/2025\/06\/md2x-1-300x66.jpg 300w, https:\/\/selchow.de\/wp\/wp-content\/uploads\/2025\/06\/md2x-1-768x168.jpg 768w\" sizes=\"auto, (max-width: 1000px) 100vw, 1000px\" \/><\/figure><div class=\"wp-block-media-text__content\">\n<p>Wir nutzen die Software des Anbieters INSURGO.<\/p>\n<\/div><\/div>\n\n\n\n<p>Hier eine <a href=\"https:\/\/selchow.de\/wp\/?page_id=204\" data-type=\"page\" data-id=\"204\">Anleitung<\/a>, wie Sie die Software nutzen k\u00f6nnen. <strong>Bitte beachten<\/strong>.<br><br><strong><a href=\"https:\/\/selchow.de\/wp\/?page_id=381\" data-type=\"page\" data-id=\"381\">Und hier geht es zur Registrierung f\u00fcr die Nutzung der APP<\/a><\/strong><\/p>\n<\/div><\/div>\n\n\n\n<div class=\"wp-block-media-text is-stacked-on-mobile\" style=\"grid-template-columns:30% auto\"><figure class=\"wp-block-media-text__media\"><img loading=\"lazy\" decoding=\"async\" width=\"576\" height=\"1024\" src=\"https:\/\/selchow.de\/wp\/wp-content\/uploads\/2025\/06\/sm2x-1-576x1024.png\" alt=\"\" class=\"wp-image-80 size-full\" srcset=\"https:\/\/selchow.de\/wp\/wp-content\/uploads\/2025\/06\/sm2x-1-576x1024.png 576w, https:\/\/selchow.de\/wp\/wp-content\/uploads\/2025\/06\/sm2x-1-169x300.png 169w, https:\/\/selchow.de\/wp\/wp-content\/uploads\/2025\/06\/sm2x-1.png 700w\" sizes=\"auto, (max-width: 576px) 100vw, 576px\" \/><\/figure><div class=\"wp-block-media-text__content\">\n<h4 class=\"wp-block-heading\">Alle aktiv von uns betreuten Vertr\u00e4ge in einer \u00dcbersicht.<\/h4>\n\n\n\n<p>Andere, nicht von uns betreuten Versicherungen k\u00f6nnen von Ihnen erfasst werden. Als Service pr\u00fcfen wir diese auf Qualit\u00e4t und geben eine R\u00fcckmeldung dazu.<\/p>\n<\/div><\/div>\n\n\n\n<div class=\"wp-block-media-text is-stacked-on-mobile\" style=\"grid-template-columns:41% auto\"><figure class=\"wp-block-media-text__media\"><img loading=\"lazy\" decoding=\"async\" width=\"500\" height=\"392\" src=\"https:\/\/selchow.de\/wp\/wp-content\/uploads\/2025\/06\/md1-1.png\" alt=\"\" class=\"wp-image-77 size-full\" srcset=\"https:\/\/selchow.de\/wp\/wp-content\/uploads\/2025\/06\/md1-1.png 500w, https:\/\/selchow.de\/wp\/wp-content\/uploads\/2025\/06\/md1-1-300x235.png 300w\" sizes=\"auto, (max-width: 500px) 100vw, 500px\" \/><\/figure><div class=\"wp-block-media-text__content\">\n<p>\u00dcber die App kann direkt mit uns kommuniziert werden. Egal ob es sich um:<\/p>\n\n\n\n<ul class=\"wp-block-list\">\n<li>Vertragsfragen<\/li>\n\n\n\n<li>\u00c4nderungsmeldungen<\/li>\n\n\n\n<li>oder andere Dinge handelt<\/li>\n<\/ul>\n<\/div><\/div>\n\n\n\n<p><\/p>\n\n\n\n<div class=\"wp-block-media-text is-stacked-on-mobile\" style=\"grid-template-columns:42% auto\"><figure class=\"wp-block-media-text__media\"><img loading=\"lazy\" decoding=\"async\" width=\"500\" height=\"392\" src=\"https:\/\/selchow.de\/wp\/wp-content\/uploads\/2025\/06\/md2-1.png\" alt=\"\" class=\"wp-image-76 size-full\" srcset=\"https:\/\/selchow.de\/wp\/wp-content\/uploads\/2025\/06\/md2-1.png 500w, https:\/\/selchow.de\/wp\/wp-content\/uploads\/2025\/06\/md2-1-300x235.png 300w\" sizes=\"auto, (max-width: 500px) 100vw, 500px\" \/><\/figure><div class=\"wp-block-media-text__content\">\n<p><\/p>\n\n\n\n<p><\/p>\n\n\n\n<h4 class=\"wp-block-heading\">Es ist zu einem Schadenfall gekommen?<\/h4>\n\n\n\n<p>Kein Problem<\/p>\n\n\n\n<p>Melden Sie diesen mit entsprechenden Fotos oder Dokumenten direkt in unser System.<\/p>\n\n\n\n<p>Wir verarbeiten diese Daten und schon wird der Schaden zum entsprechenden Versicherungsvertrag hinterlegt.<\/p>\n\n\n\n<p><\/p>\n<\/div><\/div>\n\n\n\n<h4 class=\"wp-block-heading\">Sie k\u00f6nnen diesen Service aber auch direkt im Broweser Ihres PC\/Laptops nutzen.<\/h4>\n\n\n\n<p><\/p>\n","protected":false},"excerpt":{"rendered":"<p>Alle aktiv von uns betreuten Vertr\u00e4ge in einer \u00dcbersicht. Andere, nicht von uns betreuten Versicherungen [&hellip;]<\/p>\n","protected":false},"author":1,"featured_media":0,"parent":0,"menu_order":0,"comment_status":"closed","ping_status":"closed","template":"","meta":{"footnotes":""},"class_list":["post-98","page","type-page","status-publish","hentry"],"_links":{"self":[{"href":"https:\/\/selchow.de\/wp\/index.php?rest_route=\/wp\/v2\/pages\/98","targetHints":{"allow":["GET"]}}],"collection":[{"href":"https:\/\/selchow.de\/wp\/index.php?rest_route=\/wp\/v2\/pages"}],"about":[{"href":"https:\/\/selchow.de\/wp\/index.php?rest_route=\/wp\/v2\/types\/page"}],"author":[{"embeddable":true,"href":"https:\/\/selchow.de\/wp\/index.php?rest_route=\/wp\/v2\/users\/1"}],"replies":[{"embeddable":true,"href":"https:\/\/selchow.de\/wp\/index.php?rest_route=%2Fwp%2Fv2%2Fcomments&post=98"}],"version-history":[{"count":7,"href":"https:\/\/selchow.de\/wp\/index.php?rest_route=\/wp\/v2\/pages\/98\/revisions"}],"predecessor-version":[{"id":398,"href":"https:\/\/selchow.de\/wp\/index.php?rest_route=\/wp\/v2\/pages\/98\/revisions\/398"}],"wp:attachment":[{"href":"https:\/\/selchow.de\/wp\/index.php?rest_route=%2Fwp%2Fv2%2Fmedia&parent=98"}],"curies":[{"name":"wp","href":"https:\/\/api.w.org\/{rel}","templated":true}]}}