{"id":52,"date":"2025-06-06T18:49:06","date_gmt":"2025-06-06T16:49:06","guid":{"rendered":"https:\/\/selchow.de\/wp\/?page_id=52"},"modified":"2025-06-09T18:44:15","modified_gmt":"2025-06-09T16:44:15","slug":"kfz-erfassungsbogen","status":"publish","type":"page","link":"https:\/\/selchow.de\/wp\/?page_id=52","title":{"rendered":"Kfz-Erfassungsbogen"},"content":{"rendered":"<div class=\"wpforms-container wpforms-container-full wpforms-block wpforms-block-e019e7fe-7dad-4ede-839f-aaf5720997df wpforms-render-modern\" id=\"wpforms-247\"><form id=\"wpforms-form-247\" class=\"wpforms-validate wpforms-form wpforms-ajax-form\" data-formid=\"247\" method=\"post\" enctype=\"multipart\/form-data\" action=\"\/wp\/index.php?rest_route=%2Fwp%2Fv2%2Fpages%2F52\" data-token=\"db87120b25d430dc01092d6f4ffdb4a9\" data-token-time=\"1777655977\"><noscript class=\"wpforms-error-noscript\">Bitte aktiviere JavaScript in deinem Browser, um dieses Formular fertigzustellen.<\/noscript><div id=\"wpforms-error-noscript\" style=\"display: none;\">Bitte aktiviere JavaScript in deinem Browser, um dieses Formular fertigzustellen.<\/div><div class=\"wpforms-field-container\"><div id=\"wpforms-247-field_1-container\" class=\"wpforms-field wpforms-field-radio\" data-field-id=\"1\"><fieldset><legend class=\"wpforms-field-label\">Ein wichtiger Hinweis: Eine Kfz-Versicherung ist ein komplexes Produkt geworden. Einfach ein Auto Kasko zu versichern und danach nur auf die zu zahlende Endpr\u00e4mie zu gucken ist leider nicht mehr m\u00f6glich. Alleine die sogenannten weichen Tarifmerkmale (Fahrzeugnutzer, Fahrleistung, etc.) beeinflussen den Beitrag deutlich. Zum anderen bieten die meisten Kfz Versicherer zwei Deckungsvarianten in den Kaskobausteinen, die sich massiv in den Leistungsumf\u00e4ngen unterscheiden. Daher ist eine genaue Pr\u00fcfung dieser Leistung sehr wichtig. Wir bieten Ihnen grunds\u00e4tzlich nur das Premium Kaskoprodukt des jeweiligen Versicherers an. <span class=\"wpforms-required-label\" aria-hidden=\"true\">*<\/span><\/legend><ul id=\"wpforms-247-field_1\" class=\"wpforms-field-required\"><li class=\"choice-1 depth-1\"><input type=\"radio\" id=\"wpforms-247-field_1_1\" name=\"wpforms[fields][1]\" value=\"Ich habe zur Kenntnis genommen, dass es Leistungsunterschiede in den Kaskodeckungen des Versicherer und beim Versicherer gibt\" aria-errormessage=\"wpforms-247-field_1_1-error\" required ><label class=\"wpforms-field-label-inline\" for=\"wpforms-247-field_1_1\">Ich habe zur Kenntnis genommen, dass es Leistungsunterschiede in den Kaskodeckungen des Versicherer und beim Versicherer gibt<\/label><\/li><li class=\"choice-2 depth-1\"><input type=\"radio\" id=\"wpforms-247-field_1_2\" name=\"wpforms[fields][1]\" value=\"Ich w\u00fcnsche grunds\u00e4tzich eine bessere und leistungsstarke Kaskodeckung und mir ist bekannt, dass der Beitrag dadurch teurer sein kann\" aria-errormessage=\"wpforms-247-field_1_2-error\" required ><label class=\"wpforms-field-label-inline\" for=\"wpforms-247-field_1_2\">Ich w\u00fcnsche grunds\u00e4tzich eine bessere und leistungsstarke Kaskodeckung und mir ist bekannt, dass der Beitrag dadurch teurer sein kann<\/label><\/li><li class=\"choice-3 depth-1\"><input type=\"radio\" id=\"wpforms-247-field_1_3\" name=\"wpforms[fields][1]\" value=\"Ich w\u00fcnsche nur eine Basis Kaskodeckung und mir ist ein g\u00fcnstiger Preis vorrangig wichtig. Mir ist bekannt, dass ich dadruch im Schadenfall Deckungsl\u00fccken haben kann, die nicht vom Versicherer gedeckt werden, bzw die aber wahrscheinlich mit dem Kasko-Premiumprodukt versichert w\u00e4ren.\" aria-errormessage=\"wpforms-247-field_1_3-error\" required ><label class=\"wpforms-field-label-inline\" for=\"wpforms-247-field_1_3\">Ich w\u00fcnsche nur eine Basis Kaskodeckung und mir ist ein g\u00fcnstiger Preis vorrangig wichtig. Mir ist bekannt, dass ich dadruch im Schadenfall Deckungsl\u00fccken haben kann, die nicht vom Versicherer gedeckt werden, bzw die aber wahrscheinlich mit dem Kasko-Premiumprodukt versichert w\u00e4ren.<\/label><\/li><\/ul><\/fieldset><\/div><div id=\"wpforms-247-field_2-container\" class=\"wpforms-field wpforms-field-name\" data-field-id=\"2\"><fieldset><legend class=\"wpforms-field-label\">Name <span class=\"wpforms-required-label\" aria-hidden=\"true\">*<\/span><\/legend><div class=\"wpforms-field-row wpforms-field-medium\"><div class=\"wpforms-field-row-block wpforms-first wpforms-one-half\"><input type=\"text\" id=\"wpforms-247-field_2\" class=\"wpforms-field-name-first wpforms-field-required\" name=\"wpforms[fields][2][first]\" aria-errormessage=\"wpforms-247-field_2-error\" required><label for=\"wpforms-247-field_2\" class=\"wpforms-field-sublabel after\">Vorname<\/label><\/div><div class=\"wpforms-field-row-block wpforms-one-half\"><input type=\"text\" id=\"wpforms-247-field_2-last\" class=\"wpforms-field-name-last wpforms-field-required\" name=\"wpforms[fields][2][last]\" aria-errormessage=\"wpforms-247-field_2-last-error\" required><label for=\"wpforms-247-field_2-last\" class=\"wpforms-field-sublabel after\">Nachname<\/label><\/div><\/div><\/fieldset><\/div><div id=\"wpforms-247-field_3-container\" class=\"wpforms-field wpforms-field-text\" data-field-id=\"3\"><label class=\"wpforms-field-label\" for=\"wpforms-247-field_3\">Telefonnummer<\/label><input type=\"text\" id=\"wpforms-247-field_3\" class=\"wpforms-field-small\" name=\"wpforms[fields][3]\" aria-errormessage=\"wpforms-247-field_3-error\" ><\/div><div id=\"wpforms-247-field_4-container\" class=\"wpforms-field wpforms-field-text\" data-field-id=\"4\"><label class=\"wpforms-field-label\" for=\"wpforms-247-field_4\">Kfz-Kennzeichen <span class=\"wpforms-required-label\" aria-hidden=\"true\">*<\/span><\/label><input type=\"text\" id=\"wpforms-247-field_4\" class=\"wpforms-field-small wpforms-field-required\" name=\"wpforms[fields][4]\" aria-errormessage=\"wpforms-247-field_4-error\" required><\/div><div id=\"wpforms-247-field_26-container\" class=\"wpforms-field wpforms-field-text\" data-field-id=\"26\"><label class=\"wpforms-field-label\" for=\"wpforms-247-field_26\">Schl\u00fcsselnummer zum Hersteller <span class=\"wpforms-required-label\" aria-hidden=\"true\">*<\/span><\/label><input type=\"text\" id=\"wpforms-247-field_26\" class=\"wpforms-field-small wpforms-field-required\" name=\"wpforms[fields][26]\" aria-errormessage=\"wpforms-247-field_26-error\" required><\/div><div id=\"wpforms-247-field_27-container\" class=\"wpforms-field wpforms-field-text\" data-field-id=\"27\"><label class=\"wpforms-field-label\" for=\"wpforms-247-field_27\">Schl\u00fcsselnummer zum Typ <span class=\"wpforms-required-label\" aria-hidden=\"true\">*<\/span><\/label><input type=\"text\" id=\"wpforms-247-field_27\" class=\"wpforms-field-small wpforms-field-required\" name=\"wpforms[fields][27]\" aria-errormessage=\"wpforms-247-field_27-error\" required><\/div><div id=\"wpforms-247-field_5-container\" class=\"wpforms-field wpforms-field-text\" data-field-id=\"5\"><label class=\"wpforms-field-label\" for=\"wpforms-247-field_5\">1. Name des berechtigten Fahrers neben dem Versicherungsnehmer:<\/label><input type=\"text\" id=\"wpforms-247-field_5\" class=\"wpforms-field-small\" name=\"wpforms[fields][5]\" aria-errormessage=\"wpforms-247-field_5-error\" ><\/div><div id=\"wpforms-247-field_6-container\" class=\"wpforms-field wpforms-field-select wpforms-field-select-style-classic\" data-field-id=\"6\"><label class=\"wpforms-field-label\" for=\"wpforms-247-field_6\">Verwandtschaftsverh\u00e4ltnis zum Versicherungsnehmer<\/label><select id=\"wpforms-247-field_6\" class=\"wpforms-field-small\" name=\"wpforms[fields][6]\"><option value=\"Ehemann\/Ehefrau\"  class=\"choice-1 depth-1\"  >Ehemann\/Ehefrau<\/option><option value=\"Lebenspartner\"  class=\"choice-2 depth-1\"  >Lebenspartner<\/option><option value=\"Kind\"  class=\"choice-3 depth-1\"  >Kind<\/option><option value=\"Sonstiger\"  class=\"choice-4 depth-1\"  >Sonstiger<\/option><\/select><\/div><div id=\"wpforms-247-field_7-container\" class=\"wpforms-field wpforms-field-text\" data-field-id=\"7\"><label class=\"wpforms-field-label\" for=\"wpforms-247-field_7\">Geburtsdatum<\/label><input type=\"text\" id=\"wpforms-247-field_7\" class=\"wpforms-field-small\" name=\"wpforms[fields][7]\" aria-errormessage=\"wpforms-247-field_7-error\" ><\/div><div id=\"wpforms-247-field_8-container\" class=\"wpforms-field wpforms-field-checkbox\" data-field-id=\"8\"><fieldset><legend class=\"wpforms-field-label\">Teilgenommen am begleiteten Fahren<\/legend><ul id=\"wpforms-247-field_8\"><li class=\"choice-1 depth-1\"><input type=\"checkbox\" id=\"wpforms-247-field_8_1\" name=\"wpforms[fields][8][]\" value=\"Ja\" aria-errormessage=\"wpforms-247-field_8_1-error\"  ><label class=\"wpforms-field-label-inline\" for=\"wpforms-247-field_8_1\">Ja<\/label><\/li><li class=\"choice-2 depth-1\"><input type=\"checkbox\" id=\"wpforms-247-field_8_2\" name=\"wpforms[fields][8][]\" value=\"Nein\" aria-errormessage=\"wpforms-247-field_8_2-error\"  ><label class=\"wpforms-field-label-inline\" for=\"wpforms-247-field_8_2\">Nein<\/label><\/li><\/ul><\/fieldset><\/div><div id=\"wpforms-247-field_9-container\" class=\"wpforms-field wpforms-field-text\" data-field-id=\"9\"><label class=\"wpforms-field-label\" for=\"wpforms-247-field_9\">2. Name des berechtigten Fahrers neben dem Versicherungsnehmer:<\/label><input type=\"text\" id=\"wpforms-247-field_9\" class=\"wpforms-field-small\" name=\"wpforms[fields][9]\" aria-errormessage=\"wpforms-247-field_9-error\" ><\/div>\t\t<div id=\"wpforms-247-field_21-container\"\n\t\t\tclass=\"wpforms-field wpforms-field-text\"\n\t\t\tdata-field-type=\"text\"\n\t\t\tdata-field-id=\"21\"\n\t\t\t>\n\t\t\t<label class=\"wpforms-field-label\" for=\"wpforms-247-field_21\" >der Pr\u00fcfung Versicherer<\/label>\n\t\t\t<input type=\"text\" id=\"wpforms-247-field_21\" class=\"wpforms-field-medium\" name=\"wpforms[fields][21]\" >\n\t\t<\/div>\n\t\t<div id=\"wpforms-247-field_10-container\" class=\"wpforms-field wpforms-field-select wpforms-field-select-style-classic\" data-field-id=\"10\"><label class=\"wpforms-field-label\" for=\"wpforms-247-field_10\">Verwandtschaftsverh\u00e4ltnis zum Versicherungsnehmer<\/label><select id=\"wpforms-247-field_10\" class=\"wpforms-field-small\" name=\"wpforms[fields][10]\"><option value=\"Ehemann\/Ehefrau\"  class=\"choice-1 depth-1\"  >Ehemann\/Ehefrau<\/option><option value=\"Lebenspartner\"  class=\"choice-2 depth-1\"  >Lebenspartner<\/option><option value=\"Kind\"  class=\"choice-3 depth-1\"  >Kind<\/option><option value=\"Sonstiger\"  class=\"choice-4 depth-1\"  >Sonstiger<\/option><\/select><\/div><div id=\"wpforms-247-field_12-container\" class=\"wpforms-field wpforms-field-checkbox\" data-field-id=\"12\"><fieldset><legend class=\"wpforms-field-label\">Teilgenommen am begleiteten Fahren<\/legend><ul id=\"wpforms-247-field_12\"><li class=\"choice-1 depth-1\"><input type=\"checkbox\" id=\"wpforms-247-field_12_1\" name=\"wpforms[fields][12][]\" value=\"Ja\" aria-errormessage=\"wpforms-247-field_12_1-error\"  ><label class=\"wpforms-field-label-inline\" for=\"wpforms-247-field_12_1\">Ja<\/label><\/li><li class=\"choice-2 depth-1\"><input type=\"checkbox\" id=\"wpforms-247-field_12_2\" name=\"wpforms[fields][12][]\" value=\"Nein\" aria-errormessage=\"wpforms-247-field_12_2-error\"  ><label class=\"wpforms-field-label-inline\" for=\"wpforms-247-field_12_2\">Nein<\/label><\/li><\/ul><\/fieldset><\/div><div id=\"wpforms-247-field_11-container\" class=\"wpforms-field wpforms-field-text\" data-field-id=\"11\"><label class=\"wpforms-field-label\" for=\"wpforms-247-field_11\">Geburtsdatum<\/label><input type=\"text\" id=\"wpforms-247-field_11\" class=\"wpforms-field-small\" name=\"wpforms[fields][11]\" aria-errormessage=\"wpforms-247-field_11-error\" ><\/div><div id=\"wpforms-247-field_13-container\" class=\"wpforms-field wpforms-field-select wpforms-field-select-style-classic\" data-field-id=\"13\"><label class=\"wpforms-field-label\" for=\"wpforms-247-field_13\">J\u00e4hrliche Fahrleistung<\/label><select id=\"wpforms-247-field_13\" class=\"wpforms-field-small\" name=\"wpforms[fields][13]\"><option value=\"bis 6.000 km\"  class=\"choice-1 depth-1\"  >bis 6.000 km<\/option><option value=\"bis 9.000 km\"  class=\"choice-2 depth-1\"  >bis 9.000 km<\/option><option value=\"bis 12.000 km\"  class=\"choice-3 depth-1\"  >bis 12.000 km<\/option><option value=\"bis 15.000 km\"  class=\"choice-4 depth-1\"  >bis 15.000 km<\/option><option value=\"bis 20.000 km\"  class=\"choice-5 depth-1\"  >bis 20.000 km<\/option><option value=\"bis 25.000 km\"  class=\"choice-7 depth-1\"  >bis 25.000 km<\/option><option value=\"\u00fcber 25.000 km\"  class=\"choice-8 depth-1\"  >\u00fcber 25.000 km<\/option><\/select><\/div><div id=\"wpforms-247-field_14-container\" class=\"wpforms-field wpforms-field-text\" data-field-id=\"14\"><label class=\"wpforms-field-label\" for=\"wpforms-247-field_14\">aktueller KM-Stand<\/label><input type=\"text\" id=\"wpforms-247-field_14\" class=\"wpforms-field-small\" name=\"wpforms[fields][14]\" aria-errormessage=\"wpforms-247-field_14-error\" ><\/div><div id=\"wpforms-247-field_15-container\" class=\"wpforms-field wpforms-field-select wpforms-field-select-style-classic\" data-field-id=\"15\"><label class=\"wpforms-field-label\" for=\"wpforms-247-field_15\">Selbstbehalt in der Vollkasko<\/label><select id=\"wpforms-247-field_15\" class=\"wpforms-field-small\" name=\"wpforms[fields][15]\"><option value=\"ohne\"  class=\"choice-1 depth-1\"  >ohne<\/option><option value=\"300,- \u20ac\"  class=\"choice-2 depth-1\"  >300,- \u20ac<\/option><option value=\"500,- \u20ac\"  class=\"choice-3 depth-1\"  >500,- \u20ac<\/option><option value=\"1.000,- \u20ac\"  class=\"choice-4 depth-1\"  >1.000,- \u20ac<\/option><\/select><\/div><div id=\"wpforms-247-field_16-container\" class=\"wpforms-field wpforms-field-select wpforms-field-select-style-classic\" data-field-id=\"16\"><label class=\"wpforms-field-label\" for=\"wpforms-247-field_16\">Selbstbehalt in der Teilkasko<\/label><select id=\"wpforms-247-field_16\" class=\"wpforms-field-small\" name=\"wpforms[fields][16]\"><option value=\"ohne\"  selected='selected' class=\"choice-1 depth-1\"  >ohne<\/option><option value=\"150,- \u20ac\"  class=\"choice-2 depth-1\"  >150,- \u20ac<\/option><option value=\"300,- \u20ac\"  class=\"choice-3 depth-1\"  >300,- \u20ac<\/option><option value=\"500,- \u20ac\"  class=\"choice-4 depth-1\"  >500,- \u20ac<\/option><\/select><\/div><div id=\"wpforms-247-field_17-container\" class=\"wpforms-field wpforms-field-radio\" data-field-id=\"17\"><fieldset><legend class=\"wpforms-field-label\">Optionale Erweiterungen<\/legend><ul id=\"wpforms-247-field_17\"><li class=\"choice-1 depth-1\"><input type=\"radio\" id=\"wpforms-247-field_17_1\" name=\"wpforms[fields][17]\" value=\"Fahrerschutz\" aria-errormessage=\"wpforms-247-field_17_1-error\"  ><label class=\"wpforms-field-label-inline\" for=\"wpforms-247-field_17_1\">Fahrerschutz<\/label><\/li><li class=\"choice-2 depth-1\"><input type=\"radio\" id=\"wpforms-247-field_17_2\" name=\"wpforms[fields][17]\" value=\"Werkstattvorgabe durch den Versicherer beim Kaskoschaden\" aria-errormessage=\"wpforms-247-field_17_2-error\"  ><label class=\"wpforms-field-label-inline\" for=\"wpforms-247-field_17_2\">Werkstattvorgabe durch den Versicherer beim Kaskoschaden<\/label><\/li><li class=\"choice-3 depth-1\"><input type=\"radio\" id=\"wpforms-247-field_17_3\" name=\"wpforms[fields][17]\" value=\"Schutzbrief (Pannenhilfe)\" aria-errormessage=\"wpforms-247-field_17_3-error\"  ><label class=\"wpforms-field-label-inline\" for=\"wpforms-247-field_17_3\">Schutzbrief (Pannenhilfe)<\/label><\/li><li class=\"choice-4 depth-1\"><input type=\"radio\" id=\"wpforms-247-field_17_4\" name=\"wpforms[fields][17]\" value=\"Auslandsschutzbrief\" aria-errormessage=\"wpforms-247-field_17_4-error\"  ><label class=\"wpforms-field-label-inline\" for=\"wpforms-247-field_17_4\">Auslandsschutzbrief<\/label><\/li><li class=\"choice-5 depth-1\"><input type=\"radio\" id=\"wpforms-247-field_17_5\" name=\"wpforms[fields][17]\" value=\"Rabattschutz\" aria-errormessage=\"wpforms-247-field_17_5-error\"  ><label class=\"wpforms-field-label-inline\" for=\"wpforms-247-field_17_5\">Rabattschutz<\/label><\/li><li class=\"choice-6 depth-1\"><input type=\"radio\" id=\"wpforms-247-field_17_6\" name=\"wpforms[fields][17]\" value=\"Telematiktarif\" aria-errormessage=\"wpforms-247-field_17_6-error\"  ><label class=\"wpforms-field-label-inline\" for=\"wpforms-247-field_17_6\">Telematiktarif<\/label><\/li><\/ul><\/fieldset><\/div><div id=\"wpforms-247-field_18-container\" class=\"wpforms-field wpforms-field-checkbox\" data-field-id=\"18\"><fieldset><legend class=\"wpforms-field-label\">Besch\u00e4ftigt im \u00f6ffentlichen Dienst \/ Beamter<\/legend><ul id=\"wpforms-247-field_18\"><li class=\"choice-1 depth-1\"><input type=\"checkbox\" id=\"wpforms-247-field_18_1\" name=\"wpforms[fields][18][]\" value=\"Ja\" aria-errormessage=\"wpforms-247-field_18_1-error\"  ><label class=\"wpforms-field-label-inline\" for=\"wpforms-247-field_18_1\">Ja<\/label><\/li><\/ul><\/fieldset><\/div><div id=\"wpforms-247-field_19-container\" class=\"wpforms-field wpforms-field-radio\" data-field-id=\"19\"><fieldset><legend class=\"wpforms-field-label\">N\u00e4chtlicher Abstellort des Fahrzeuges<\/legend><ul id=\"wpforms-247-field_19\"><li class=\"choice-1 depth-1\"><input type=\"radio\" id=\"wpforms-247-field_19_1\" name=\"wpforms[fields][19]\" value=\"Einzelgarage\" aria-errormessage=\"wpforms-247-field_19_1-error\"  ><label class=\"wpforms-field-label-inline\" for=\"wpforms-247-field_19_1\">Einzelgarage<\/label><\/li><li class=\"choice-2 depth-1\"><input type=\"radio\" id=\"wpforms-247-field_19_2\" name=\"wpforms[fields][19]\" value=\"Tiefgarage\" aria-errormessage=\"wpforms-247-field_19_2-error\"  ><label class=\"wpforms-field-label-inline\" for=\"wpforms-247-field_19_2\">Tiefgarage<\/label><\/li><li class=\"choice-3 depth-1\"><input type=\"radio\" id=\"wpforms-247-field_19_3\" name=\"wpforms[fields][19]\" value=\"Carport\" aria-errormessage=\"wpforms-247-field_19_3-error\"  ><label class=\"wpforms-field-label-inline\" for=\"wpforms-247-field_19_3\">Carport<\/label><\/li><li class=\"choice-4 depth-1\"><input type=\"radio\" id=\"wpforms-247-field_19_4\" name=\"wpforms[fields][19]\" value=\"Privatgrundst\u00fcck\" aria-errormessage=\"wpforms-247-field_19_4-error\"  ><label class=\"wpforms-field-label-inline\" for=\"wpforms-247-field_19_4\">Privatgrundst\u00fcck<\/label><\/li><li class=\"choice-5 depth-1\"><input type=\"radio\" id=\"wpforms-247-field_19_5\" name=\"wpforms[fields][19]\" value=\"\u00f6ffentliche Stra\u00dfe\" aria-errormessage=\"wpforms-247-field_19_5-error\"  ><label class=\"wpforms-field-label-inline\" for=\"wpforms-247-field_19_5\">\u00f6ffentliche Stra\u00dfe<\/label><\/li><\/ul><\/fieldset><\/div><div id=\"wpforms-247-field_20-container\" class=\"wpforms-field wpforms-field-radio\" data-field-id=\"20\"><fieldset><legend class=\"wpforms-field-label\">Selbstgenutzes Wohneigentum vorhanden (Haus oder Eigentumswohnung)<\/legend><ul id=\"wpforms-247-field_20\"><li class=\"choice-1 depth-1\"><input type=\"radio\" id=\"wpforms-247-field_20_1\" name=\"wpforms[fields][20]\" value=\"Ja\" aria-errormessage=\"wpforms-247-field_20_1-error\"  ><label class=\"wpforms-field-label-inline\" for=\"wpforms-247-field_20_1\">Ja<\/label><\/li><\/ul><\/fieldset><\/div><div id=\"wpforms-247-field_22-container\" class=\"wpforms-field wpforms-field-radio\" data-field-id=\"22\"><fieldset><legend class=\"wpforms-field-label\">Dokumente nur digital vom Versicherer erhalten<\/legend><ul id=\"wpforms-247-field_22\"><li class=\"choice-1 depth-1\"><input type=\"radio\" id=\"wpforms-247-field_22_1\" name=\"wpforms[fields][22]\" value=\"Ja\" aria-errormessage=\"wpforms-247-field_22_1-error\"  ><label class=\"wpforms-field-label-inline\" for=\"wpforms-247-field_22_1\">Ja<\/label><\/li><\/ul><\/fieldset><\/div><div id=\"wpforms-247-field_23-container\" class=\"wpforms-field wpforms-field-select wpforms-field-select-style-classic\" data-field-id=\"23\"><label class=\"wpforms-field-label\" for=\"wpforms-247-field_23\">Zahlweise<\/label><select id=\"wpforms-247-field_23\" class=\"wpforms-field-small\" name=\"wpforms[fields][23]\"><option value=\"J\u00e4hrlich\"  class=\"choice-1 depth-1\"  >J\u00e4hrlich<\/option><option value=\"Halbj\u00e4hrlich\"  class=\"choice-2 depth-1\"  >Halbj\u00e4hrlich<\/option><option value=\"Quartalsweise\"  class=\"choice-3 depth-1\"  >Quartalsweise<\/option><option value=\"Monatlich\"  class=\"choice-4 depth-1\"  >Monatlich<\/option><\/select><\/div><div id=\"wpforms-247-field_24-container\" class=\"wpforms-field wpforms-field-textarea\" data-field-id=\"24\"><label class=\"wpforms-field-label\" for=\"wpforms-247-field_24\">Weitere Mitteilungen bzw Erg\u00e4nzungen<\/label><textarea id=\"wpforms-247-field_24\" class=\"wpforms-field-medium\" name=\"wpforms[fields][24]\" aria-errormessage=\"wpforms-247-field_24-error\" ><\/textarea><\/div><div id=\"wpforms-247-field_25-container\" class=\"wpforms-field wpforms-field-gdpr-checkbox\" data-field-id=\"25\"><label class=\"wpforms-field-label\">DSGVO-Einverst\u00e4ndnis <span class=\"wpforms-required-label\" aria-hidden=\"true\">*<\/span><\/label><ul id=\"wpforms-247-field_25\" class=\"wpforms-field-required\"><li class=\"choice-1\"><input type=\"checkbox\" id=\"wpforms-247-field_25_1\" name=\"wpforms[fields][25][]\" value=\"Ich willige ein, dass diese Website meine \u00fcbermittelten Informationen speichert, sodass meine Anfrage beantwortet werden kann.\" aria-errormessage=\"wpforms-247-field_25_1-error\" required ><label class=\"wpforms-field-label-inline\" for=\"wpforms-247-field_25_1\">Ich willige ein, dass diese Website meine \u00fcbermittelten Informationen speichert, sodass meine Anfrage beantwortet werden kann.<\/label><\/li><\/ul><\/div><script>\n\t\t\t\t( function() {\n\t\t\t\t\tconst style = document.createElement( 'style' );\n\t\t\t\t\tstyle.appendChild( document.createTextNode( '#wpforms-247-field_21-container { position: absolute !important; overflow: hidden !important; display: inline !important; height: 1px !important; width: 1px !important; z-index: -1000 !important; padding: 0 !important; } #wpforms-247-field_21-container input { visibility: hidden; } #wpforms-conversational-form-page #wpforms-247-field_21-container label { counter-increment: none; }' ) );\n\t\t\t\t\tdocument.head.appendChild( style );\n\t\t\t\t\tdocument.currentScript?.remove();\n\t\t\t\t} )();\n\t\t\t<\/script><\/div><!-- .wpforms-field-container --><div class=\"wpforms-recaptcha-container wpforms-is-recaptcha wpforms-is-recaptcha-type-invisible\" ><div class=\"g-recaptcha\" data-sitekey=\"6Lf-2MwUAAAAAEBylOEw3UGiiGdBTU7Q_RqLEIMd\" data-size=\"invisible\"><\/div><\/div><div class=\"wpforms-submit-container\" ><input type=\"hidden\" name=\"wpforms[id]\" value=\"247\"><input type=\"hidden\" name=\"page_title\" value=\"\"><input type=\"hidden\" name=\"page_url\" value=\"https:\/\/selchow.de\/wp\/index.php?rest_route=\/wp\/v2\/pages\/52\"><input type=\"hidden\" name=\"url_referer\" value=\"\"><button type=\"submit\" name=\"wpforms[submit]\" id=\"wpforms-submit-247\" class=\"wpforms-submit\" data-alt-text=\"Wird gesendet\u00a0\u2026\" data-submit-text=\"Absenden\" aria-live=\"assertive\" value=\"wpforms-submit\">Absenden<\/button><img loading=\"lazy\" decoding=\"async\" src=\"https:\/\/selchow.de\/wp\/wp-content\/plugins\/wpforms-lite\/assets\/images\/submit-spin.svg\" class=\"wpforms-submit-spinner\" style=\"display: none;\" width=\"26\" height=\"26\" alt=\"Wird geladen\"><\/div><\/form><\/div>  <!-- .wpforms-container -->\n\n\n<p><\/p>\n","protected":false},"excerpt":{"rendered":"","protected":false},"author":1,"featured_media":0,"parent":0,"menu_order":0,"comment_status":"closed","ping_status":"closed","template":"","meta":{"footnotes":""},"class_list":["post-52","page","type-page","status-publish","hentry"],"_links":{"self":[{"href":"https:\/\/selchow.de\/wp\/index.php?rest_route=\/wp\/v2\/pages\/52","targetHints":{"allow":["GET"]}}],"collection":[{"href":"https:\/\/selchow.de\/wp\/index.php?rest_route=\/wp\/v2\/pages"}],"about":[{"href":"https:\/\/selchow.de\/wp\/index.php?rest_route=\/wp\/v2\/types\/page"}],"author":[{"embeddable":true,"href":"https:\/\/selchow.de\/wp\/index.php?rest_route=\/wp\/v2\/users\/1"}],"replies":[{"embeddable":true,"href":"https:\/\/selchow.de\/wp\/index.php?rest_route=%2Fwp%2Fv2%2Fcomments&post=52"}],"version-history":[{"count":2,"href":"https:\/\/selchow.de\/wp\/index.php?rest_route=\/wp\/v2\/pages\/52\/revisions"}],"predecessor-version":[{"id":261,"href":"https:\/\/selchow.de\/wp\/index.php?rest_route=\/wp\/v2\/pages\/52\/revisions\/261"}],"wp:attachment":[{"href":"https:\/\/selchow.de\/wp\/index.php?rest_route=%2Fwp%2Fv2%2Fmedia&parent=52"}],"curies":[{"name":"wp","href":"https:\/\/api.w.org\/{rel}","templated":true}]}}