{"id":46,"date":"2025-06-06T18:48:49","date_gmt":"2025-06-06T16:48:49","guid":{"rendered":"https:\/\/selchow.de\/wp\/?page_id=46"},"modified":"2026-01-30T13:51:59","modified_gmt":"2026-01-30T12:51:59","slug":"erstinformation","status":"publish","type":"page","link":"https:\/\/selchow.de\/wp\/?page_id=46","title":{"rendered":"Erstinformation und KI-Nutzung"},"content":{"rendered":"\n<h2 class=\"wp-block-heading\"><strong>Jan Selchow e.K. Versicherungsmakler<\/strong><\/h2>\n\n\n\n<h3 class=\"wp-block-heading\">Ihr Vermittler<\/h3>\n\n\n\n<p>Ihr Vermittler verf\u00fcgt \u00fcber eine Gewerbeerlaubnis nach \u00a7 34d Abs.1 GewO als Versicherungsmakler und ist unter der&nbsp;nachstehend genannten Registernummer in das Vermittlerregister nach \u00a7 11a GewO eingetragen. Er ist als Vermittler Ihr&nbsp;Ansprechpartner in den vereinbarten Versicherungsangelegenheiten und pers\u00f6nlich verantwortlich f\u00fcr seine Beratung nach&nbsp;\u00a7\u00a7 60,61 und 63 VVG.<\/p>\n\n\n\n<h5 class=\"wp-block-heading\">(1) Vermittler<\/h5>\n\n\n\n<p>Jan Selchow e.K. Versicherungsmakler,&nbsp;Lindenstr. 16,&nbsp;24211 Preetz<\/p>\n\n\n\n<p>Register-Nr: D-W762-NXY41-49<\/p>\n\n\n\n<h5 class=\"wp-block-heading\">(2) Ansprechpartner<\/h5>\n\n\n\n<p>Jan Selchow,&nbsp;Lindenstr. 16,&nbsp;24211 Preetz,&nbsp;Tel. 0 43 42 \u2013 79 82 30,&nbsp;Fax 0 43 42 \u2013 79 82 39<\/p>\n\n\n\n<p>Register-Nr.: D-W762-NXY41-49<\/p>\n\n\n\n<h5 class=\"wp-block-heading\">(3) Es bestehen keine Beteiligungen an oder von Versicherern oder deren Muttergesellschaften mit mehr als 10%.<\/h5>\n\n\n\n<p><\/p>\n\n\n\n<p><\/p>\n\n\n\n<h3 class=\"wp-block-heading\">Ihr Vertragspartner<\/h3>\n\n\n\n<p>Ihr Vertragspartner ist stets die nachgenannte Gesellschaft und verf\u00fcgt \u00fcber eine Gewerbeerlaubnis nach \u00a7 34d Abs.1 GewO&nbsp;als Versicherungsmakler. Sollten Sie mit der Beratung durch Ihren o.g. Vermittler im Einzelfall nicht zufrieden sein, so k\u00f6nnen&nbsp;Sie sich jederzeit an Ihren Vertragspartner wenden.<\/p>\n\n\n\n<h5 class=\"wp-block-heading\">(1) Vertragspartner<\/h5>\n\n\n\n<p>Jan Selchow Versicherungsmakler,&nbsp;Lindenstr. 16,&nbsp;24211 Preetz<\/p>\n\n\n\n<p>Register-Nr.: D-W762-NXY41-49<\/p>\n\n\n\n<h5 class=\"wp-block-heading\">(2) Es bestehen keine Beteiligungen an oder von Versicherern oder deren Muttergesellschaften mit mehr als 10%.<\/h5>\n\n\n\n<h5 class=\"wp-block-heading\">(3) Es besteht eine gesetzeskonforme Verm\u00f6gensschadenhaftpflicht, diese wurde der IHK nachgewiesen. Die&nbsp;Registrierung erfolgte \u00fcber die IHK Kiel unter Registriernummer: D-W762-NXY41-49<br><\/h5>\n\n\n\n<h3 class=\"wp-block-heading\">Beratungsangebot<\/h3>\n\n\n\n<p>Dem Kunden wird eine Beratung \u00fcber den gew\u00fcnschten Versicherungsschutz vor einer Vertragsvermittlung oder dem&nbsp;Abschluss eines Versicherungsvertrages angeboten. Ob der Kunde eine Beratung gew\u00fcnscht und erhalten hatte, ergibt sich&nbsp;aus der Beratungsdokumentation oder einer Beratungsverzichtserkl\u00e4rung des Kunden.<\/p>\n\n\n\n<h3 class=\"wp-block-heading\">Erlaubnis der weiteren Berufsaus\u00fcbung<\/h3>\n\n\n\n<p>Der Versicherungsmakler verf\u00fcgt zus\u00e4tzlich \u00fcber die Erlaubnis der weiteren Berufsaus\u00fcbung nach<\/p>\n\n\n\n<p><strong>(1) \u00a7 34f GewO als Finanzanlagenvermittler<\/strong> und ist im Register eingetragen unter der Nummer<\/p>\n\n\n\n<p>Register-Nr.: D-F-140-5FFY-49<\/p>\n\n\n\n<p><strong>(2) Beratungsleistungen auf Grundlage des Versicherungsmaklervertrages und der Versicherungsvermittlung erfolgen in&nbsp;<\/strong><strong>Erlaubnis nach \u00a7 34d GewO<\/strong> und betreffen nicht die vorgenannten weiteren registrierten Berufszulassungen. Weitere&nbsp;T\u00e4tigkeiten und Beratungsleistungen sind grunds\u00e4tzlich aufgrund einer gesonderten Vereinbarung zu erbringen und&nbsp;nicht Gegenstand des Versicherungsmaklervertrages. Werden keine zus\u00e4tzlichen Vereinbarungen getroffen, gelten die&nbsp;gesetzlichen Regelungen.<\/p>\n\n\n\n<h3 class=\"wp-block-heading\">Gemeinsame Angaben<\/h3>\n\n\n\n<p>Sofern Sie die Eintragungen im Vermittlerregister \u00fcberpr\u00fcfen m\u00f6chten, so k\u00f6nnen Sie dies \u00fcber die Internetseite www.vermittlerregister.info oder unter Telefon: (0 180) 60 05 85 0 (Festpreis 0,20 \u20ac\/Anruf) oder bei der <strong>DIHK e.V.,&nbsp;Breite Stra\u00dfe 29,&nbsp;&nbsp;10178 Berlin,&nbsp;Telefon: (030) 20308-0,&nbsp;Internet: www.dihk.de<\/strong>&nbsp;als registerf\u00fchrende gemeinsame Stelle nach \u00a7 11a GewO jederzeit veranlassen.<\/p>\n\n\n\n<p>Sofern Sie mit unseren Dienstleistungen einmal nicht zufrieden sein sollten, k\u00f6nnen Sie folgende Stellen als au\u00dfergerichtliche&nbsp;Schlichtungsstellen anrufen:<\/p>\n\n\n\n<ul class=\"wp-block-list\">\n<li>Versicherungsombudsmann e.V., Postfach 080 632, 10006 Berlin<\/li>\n\n\n\n<li>Ombudsmann Private Kranken- und Pflegeversicherung, Postfach 06 02 22, 10052 Berlin<\/li>\n\n\n\n<li>Online-Streitbeilegung via EU \u2013 https:\/\/webgate.ec.europa.eu\/odr<\/li>\n<\/ul>\n\n\n\n<h3 class=\"wp-block-heading\">Grundlage der Beratung und Vermittlung<\/h3>\n\n\n\n<p>Dem Mandanten\/Kunden wird vom Vermittler hiermit mitgeteilt, auf welcher Grundlage die Beratung und Vermittlung des&nbsp;Vertrages erfolgt:<\/p>\n\n\n\n<p>(1) Verg\u00fctungen von beiden Vertragsparteien:&nbsp;Der Vermittler erh\u00e4lt sowohl eine Courtage\/Provision von dem Produktanbieter\/Versicherer, als auch (nur nach vorheriger Absprache und Erl\u00e4uterung) eine Verg\u00fctung&nbsp;durch den Kunden aufgrund einer gesonderten Vermittlungsvereinbarung. Also wird der Vermittler von beiden&nbsp;Vertragsparteien des zu vermittelnden Vertrages erfolgsabh\u00e4ngig verg\u00fctet. In diesem Fall verpflichtet sich der&nbsp;Vermittler seine Verg\u00fctung beiden Seiten transparent vor der Vermittlungsleistung offenzulegen.<\/p>\n\n\n\n<p><\/p>\n\n\n\n<p><\/p>\n\n\n\n<h3 class=\"wp-block-heading\"><strong>Hinweis zum Einsatz von K\u00fcnstlicher Intelligenz<\/strong><\/h3>\n\n\n\n<p><\/p>\n\n\n\n<p>Im Rahmen meiner beruflichen T\u00e4tigkeit setze ich K\u00fcnstliche Intelligenz ausschlie\u00dflich als <strong>unterst\u00fctzendes Arbeits- und Recherchewerkzeug<\/strong> ein. Eine automatisierte oder selbstst\u00e4ndig handelnde Beratung findet nicht statt. Die Beratung erfolgt ausschlie\u00dflich pers\u00f6nlich durch mich.<\/p>\n\n\n\n<p>Der Einsatz von K\u00fcnstlicher Intelligenz beschr\u00e4nkt sich auf vorbereitende T\u00e4tigkeiten, insbesondere auf Recherche, Strukturierung und Analyse von Informationen. S\u00e4mtliche Ergebnisse werden von mir <strong>inhaltlich gepr\u00fcft, fachlich eingeordnet und verifiziert<\/strong>. In der Kundenkommunikation werden ausschlie\u00dflich von mir gepr\u00fcfte und verantwortete Inhalte verwendet. Die Verantwortung f\u00fcr Beratung, Bewertung und Empfehlung liegt vollst\u00e4ndig bei mir.<\/p>\n\n\n\n<h3 class=\"wp-block-heading\"><strong>Schutz personenbezogener Daten<\/strong><\/h3>\n\n\n\n<p>F\u00fcr Recherchezwecke gelten feste Vorgaben zum Umgang mit Daten:<\/p>\n\n\n\n<ul class=\"wp-block-list\">\n<li><strong>Personenbezogene Daten von Kunden werden nicht in KI-gest\u00fctzte Recherchen eingegeben.<\/strong><\/li>\n\n\n\n<li>Sofern im Ausnahmefall eine Verarbeitung erforderlich sein sollte, erfolgt diese <strong>ausschlie\u00dflich anonymisiert oder pseudonymisiert<\/strong>.<\/li>\n\n\n\n<li>Die Nutzung erfolgt ausschlie\u00dflich f\u00fcr den <strong>konkreten, einmaligen Recherchezweck<\/strong>.<\/li>\n\n\n\n<li>Eine weitergehende Verwendung personenbezogener Daten, insbesondere zur allgemeinen Verarbeitung, Speicherung oder zum Training externer Systeme, ist nicht vorgesehen.<\/li>\n<\/ul>\n\n\n\n<p>K\u00fcnstliche Intelligenz dient damit ausschlie\u00dflich der <strong>internen Unterst\u00fctzung<\/strong> bei Recherche und Aufbereitung und ersetzt weder Fachwissen noch pers\u00f6nliche Beratung.<\/p>\n","protected":false},"excerpt":{"rendered":"<p>Jan Selchow e.K. Versicherungsmakler Ihr Vermittler Ihr Vermittler verf\u00fcgt \u00fcber eine Gewerbeerlaubnis nach \u00a7 34d [&hellip;]<\/p>\n","protected":false},"author":1,"featured_media":0,"parent":0,"menu_order":0,"comment_status":"closed","ping_status":"closed","template":"","meta":{"footnotes":""},"class_list":["post-46","page","type-page","status-publish","hentry"],"_links":{"self":[{"href":"https:\/\/selchow.de\/wp\/index.php?rest_route=\/wp\/v2\/pages\/46","targetHints":{"allow":["GET"]}}],"collection":[{"href":"https:\/\/selchow.de\/wp\/index.php?rest_route=\/wp\/v2\/pages"}],"about":[{"href":"https:\/\/selchow.de\/wp\/index.php?rest_route=\/wp\/v2\/types\/page"}],"author":[{"embeddable":true,"href":"https:\/\/selchow.de\/wp\/index.php?rest_route=\/wp\/v2\/users\/1"}],"replies":[{"embeddable":true,"href":"https:\/\/selchow.de\/wp\/index.php?rest_route=%2Fwp%2Fv2%2Fcomments&post=46"}],"version-history":[{"count":4,"href":"https:\/\/selchow.de\/wp\/index.php?rest_route=\/wp\/v2\/pages\/46\/revisions"}],"predecessor-version":[{"id":432,"href":"https:\/\/selchow.de\/wp\/index.php?rest_route=\/wp\/v2\/pages\/46\/revisions\/432"}],"wp:attachment":[{"href":"https:\/\/selchow.de\/wp\/index.php?rest_route=%2Fwp%2Fv2%2Fmedia&parent=46"}],"curies":[{"name":"wp","href":"https:\/\/api.w.org\/{rel}","templated":true}]}}