{"id":44,"date":"2025-06-06T18:48:59","date_gmt":"2025-06-06T16:48:59","guid":{"rendered":"https:\/\/selchow.de\/wp\/?page_id=44"},"modified":"2025-06-08T11:57:59","modified_gmt":"2025-06-08T09:57:59","slug":"impressum","status":"publish","type":"page","link":"https:\/\/selchow.de\/wp\/?page_id=44","title":{"rendered":"Impressum"},"content":{"rendered":"\n<p><\/p>\n\n\n\n<p><\/p>\n\n\n\n<h3 class=\"wp-block-heading\"><strong>Maklerverbund-Nord<br>Versicherungs- und Finanzmakler<\/strong><br><strong>Inh. Jan Selchow e.K.<br><\/strong><\/h3>\n\n\n\n<p>Lindenstrasse 16<br>24211 Preetz<\/p>\n\n\n\n<p>Tel: 0 43 42 \u2013 79 82 30<br>Fax: 0 43 42 \u2013 79 82 39<\/p>\n\n\n\n<p>Email: <a href=\"mailto:info@maklerverbund-nord.de\">info@maklerverbund-nord.de<\/a><br>Internet: www.maklerverbund-nord.de<\/p>\n\n\n\n<p>Registergericht: Amtsgericht Kiel<br>Registernummer: HRA 10160 KI<\/p>\n\n\n\n<p><strong>Zugelassen als Versicherungsmakler<\/strong> nach \u00a734d GewO, Registrierungsnummer: D-W762-NXY41-49<\/p>\n\n\n\n<p><strong>Zugelassen als Finanzanlagenvermittler<\/strong> nach \u00a734f Abs. 1 GewO, Registernummer: D-F-140-5FFY-49<\/p>\n\n\n\n<p>Verleihung der Berufszulassung durch die Bundesrepublik Deutschland.<br>Die berufsrechtlichen Regelungen beziehen sich auf die \u00a7\u00a7 34d oder 34e GewO, 59-68 VVG und die VersVermV. Nachzulesen unter www.gesetze-im-internet.de.<\/p>\n\n\n\n<p>Zust\u00e4ndige IHK: IHK zu Kiel, Bergstrasse 2, 24103 Kiel; www.kiel.ihk.de, Tel: 0431 \u2013 51 94 0<\/p>\n\n\n\n<p>Zust\u00e4ndige Gewerbebeh\u00f6rde: Stadt Preetz, Bahnhofstrasse 24, 24211 Preetz ; www.preetz.de, Tel: 04342 \u2013 30 30<\/p>\n\n\n\n<p><strong>Beschwerdestellen \u2013 au\u00dfergerichtliche Streitbeilegung:<\/strong><br>Versicherungsombudsmann e.V., Postfach 08 06 22, 10006 Berlin<br>Ombudsmann f\u00fcr die private Krankenversicherung Helmut M\u00fcller, Kronenstr. 13, 10117 Berlin<br>Bundesanstalt f\u00fcr Finanzdienstleistungsaufsicht (BAFin), Graurheindorfer Strasse 108, 53117 Bonn<\/p>\n\n\n\n<p>Die Eintragung ins Versicherungsvermittlerregister kann unter www.vermittlerregister.info kontrolliert werden.<br>Es wird bei der Deutscher Industrie- und Handelskammertag (DIHK), Breite Strasse 29, 10178 Berlin gef\u00fchrt Tel: 030-20 30 80<\/p>\n\n\n\n<p>Eine Verm\u00f6gensschadenhaftpflichtversicherung besteht mit einer Deckungssumme je Schadenfall von 1.564.610,00&nbsp; Euro f\u00fcr jeden Versicherungsfall und 2.315.610 EUR f\u00fcr alle Versicherungsf\u00e4lle eines Jahres (gesetzliche Mindestvorgabe).<\/p>\n\n\n\n<p>Ich halte keine unmittelbare oder mittelbare Beteiligung von mehr als 10% der Stimmrechte oder des Kapitals an einem Versicherungsunternehmen.<\/p>\n\n\n\n<p>Ein Versicherungsunternehmen h\u00e4lt keine mittelbare oder unmittelbare Beteiligung von mehr als 10% der Stimmrechte oder des Kapitals am Versicherungsvermittler.<\/p>\n\n\n\n<p>Grunds\u00e4tzlich erhalte ich meine Verg\u00fctung als Courtage durch die Versicherer bei der Vermittlung und\/oder Betreuung von Versicherungsvertr\u00e4gen.<br>Auf Wunsch kann abweichend hiervon eine Verg\u00fctung auf Honorarbasis nach Stundensatz durchgef\u00fchrt werden. In diesem Fall werden sogenannte Nettotarife vermittelt oder erhaltene Courtage wird Ihnen erstattet.<\/p>\n\n\n\n<p><strong>Streitschlichtung<br><\/strong><br>Die Europ\u00e4ische Kommission stellt eine Plattform zur Online-Streitbeilegung (OS) bereit: <a href=\"https:\/\/ec.europa.eu\/consumers\/odr\">https:\/\/ec.europa.eu\/consumers\/odr<br><\/a>Unsere E-Mail-Adresse finden Sie oben im Impressum.<br>Wir sind nicht bereit oder verpflichtet, an Streitbeilegungsverfahren vor einer Verbraucherschlichtungsstelle teilzunehmen.<\/p>\n\n\n\n<p>Bildnachweis: fotolia, photocase, eigene<\/p>\n\n\n\n<p><strong>Sollten wir mit unserem Internetangebot einen Rechteinhaber verletzt haben, so bitten wir um eine entsprechende Mitteilung. Dies ist und war nicht in unserem Sinne. Wir werden diese Verletzung sofort abstellen. Im Zuge eines fairen Umgangs bitten wir von einer kostenintensiven Abmahnung abzusehen. Vielen Dank daf\u00fcr.<\/strong><\/p>\n\n\n\n<p><strong>Wichtiger Hinweis zu Google Analytics:<\/strong><\/p>\n\n\n\n<p>\u201eDiese Website benutzt Google Analytics, einen Webanalysedienst der Google Inc. (\u201eGoogle\u201c). Google Analytics verwendet sog. \u201eCookies\u201c, Textdateien, die auf Ihrem Computer gespeichert werden und die eine Analyse der Benutzung der Website durch Sie erm\u00f6glichen. Die durch den Cookie erzeugten Informationen \u00fcber Ihre Benutzung dieser Website (einschlie\u00dflich Ihrer IP-Adresse) wird an einen Server von Google in den USA \u00fcbertragen und dort gespeichert. Google wird diese Informationen benutzen, um Ihre Nutzung der Website auszuwerten, um Reports \u00fcber die Websiteaktivit\u00e4ten f\u00fcr die Websitebetreiber zusammenzustellen und um weitere mit der Websitenutzung und der Internetnutzung verbundene Dienstleistungen zu erbringen. Auch wird Google diese Informationen gegebenenfalls an Dritte \u00fcbertragen, sofern dies gesetzlich vorgeschrieben oder soweit Dritte diese Daten im Auftrag von Google verarbeiten. Google wird in keinem Fall Ihre IP-Adresse mit anderen Daten von Google in Verbindung bringen. Sie k\u00f6nnen die Installation der Cookies durch eine entsprechende Einstellung Ihrer Browser Software verhindern; wir weisen Sie jedoch darauf hin, dass Sie in diesem Fall gegebenenfalls nicht s\u00e4mtliche Funktionen dieser Website vollumf\u00e4nglich nutzen k\u00f6nnen. Durch die Nutzung dieser Website erkl\u00e4ren Sie sich mit der Bearbeitung der \u00fcber Sie erhobenen Daten durch Google in der zuvor beschriebenen Art und Weise und zu dem zuvor benannten Zweck einverstanden.\u201c<\/p>\n\n\n\n<p>Soweit Google Adsense, einen Webanzeigendienst der Google Inc., USA (\u201eGoogle\u201c), auf dieser Website Werbung (Textanzeigen, Banner etc.) schaltet, speichert Ihr Browser eventuell ein von Google Inc. oder Dritten gesendetes Cookie. Die in dem Cookie gespeicherten Informationen k\u00f6nnen durch Google Inc. oder auch Dritte aufgezeichnet, gesammelt und ausgewertet werden. Dar\u00fcber hinaus verwendet Google Adsense zur Sammlung von Informationen auch sog. \u201eWebBacons\u201c (kleine unsichtbare Grafiken), durch deren Verwendung einfache Aktionen wie der Besucherverkehr auf der Webseite aufgezeichnet, gesammelt und ausgewertet werden k\u00f6nnen. Die durch den Cookie und\/oder Web Bacon erzeugten Informationen \u00fcber Ihre Nutzung dieser Website werden an einen Server von Google in den USA \u00fcbertragen und dort gespeichert. Google benutzt die so erhaltenen Informationen, um eine Auswertung Ihres Nutzungsverhaltens im Hinblick auf die AdSense-Anzeigen durchzuf\u00fchren. Google wird diese Informationen gegebenenfalls auch an Dritte \u00fcbertragen, sofern dies gesetzlich vorgeschrieben ist oder soweit Dritte diese Daten im Auftrag von Google verarbeiten. Ihre IP-Adresse wird von Google nicht mit anderen von Google gespeicherten Daten in Verbindung gebracht. Sie k\u00f6nnen das Speichern von Cookies auf Ihrer Festplatte und die Anzeige von Web Bacons verhindern. Dazu m\u00fcssen Sie in Ihren Browser-Einstellungen \u201ekeine Cookies akzeptieren\u201c w\u00e4hlen (Im Internet-Explorer unter \u201eExtras \/ Internetoptionen \/ Datenschutz \/ Einstellung\u201c, bei Firefox unter \u201eExtras \/ Einstellungen \/ Datenschutz \/ Cookies\u201c).<\/p>\n\n\n\n<p><strong>Weitere Hinweise siehe hier: <a href=\"https:\/\/www.selchow.de\/wp\/?page_id=39\">Datenschutz<\/a><\/strong><\/p>\n","protected":false},"excerpt":{"rendered":"<p>Maklerverbund-NordVersicherungs- und FinanzmaklerInh. Jan Selchow e.K. Lindenstrasse 1624211 Preetz Tel: 0 43 42 \u2013 79 [&hellip;]<\/p>\n","protected":false},"author":1,"featured_media":0,"parent":0,"menu_order":0,"comment_status":"closed","ping_status":"closed","template":"","meta":{"footnotes":""},"class_list":["post-44","page","type-page","status-publish","hentry"],"_links":{"self":[{"href":"https:\/\/selchow.de\/wp\/index.php?rest_route=\/wp\/v2\/pages\/44","targetHints":{"allow":["GET"]}}],"collection":[{"href":"https:\/\/selchow.de\/wp\/index.php?rest_route=\/wp\/v2\/pages"}],"about":[{"href":"https:\/\/selchow.de\/wp\/index.php?rest_route=\/wp\/v2\/types\/page"}],"author":[{"embeddable":true,"href":"https:\/\/selchow.de\/wp\/index.php?rest_route=\/wp\/v2\/users\/1"}],"replies":[{"embeddable":true,"href":"https:\/\/selchow.de\/wp\/index.php?rest_route=%2Fwp%2Fv2%2Fcomments&post=44"}],"version-history":[{"count":3,"href":"https:\/\/selchow.de\/wp\/index.php?rest_route=\/wp\/v2\/pages\/44\/revisions"}],"predecessor-version":[{"id":171,"href":"https:\/\/selchow.de\/wp\/index.php?rest_route=\/wp\/v2\/pages\/44\/revisions\/171"}],"wp:attachment":[{"href":"https:\/\/selchow.de\/wp\/index.php?rest_route=%2Fwp%2Fv2%2Fmedia&parent=44"}],"curies":[{"name":"wp","href":"https:\/\/api.w.org\/{rel}","templated":true}]}}