{"id":285,"date":"2025-06-16T20:42:01","date_gmt":"2025-06-16T18:42:01","guid":{"rendered":"https:\/\/selchow.de\/wp\/?page_id=285"},"modified":"2025-11-11T16:40:18","modified_gmt":"2025-11-11T15:40:18","slug":"mvn24-ug-investor","status":"publish","type":"page","link":"https:\/\/selchow.de\/wp\/?page_id=285","title":{"rendered":"mvn24 UG (haftungsbeschr\u00e4nkt)"},"content":{"rendered":"\n<div class=\"wp-block-media-text is-stacked-on-mobile\"><figure class=\"wp-block-media-text__media\"><img loading=\"lazy\" decoding=\"async\" width=\"640\" height=\"640\" src=\"https:\/\/selchow.de\/wp\/wp-content\/uploads\/2025\/06\/target-4694357_640-e1750099949347.png\" alt=\"\" class=\"wp-image-288 size-full\" srcset=\"https:\/\/selchow.de\/wp\/wp-content\/uploads\/2025\/06\/target-4694357_640-e1750099949347.png 640w, https:\/\/selchow.de\/wp\/wp-content\/uploads\/2025\/06\/target-4694357_640-e1750099949347-300x300.png 300w, https:\/\/selchow.de\/wp\/wp-content\/uploads\/2025\/06\/target-4694357_640-e1750099949347-150x150.png 150w\" sizes=\"auto, (max-width: 640px) 100vw, 640px\" \/><\/figure><div class=\"wp-block-media-text__content\">\n<p>Die <strong>mvn24 UG<\/strong> (haftungsbeschr\u00e4nkt) ist ein strategischer Investor, der Unternehmen, die zu seinem Porfolio passen, \u00fcbernimmt und im Sinne der Alteigent\u00fcmer weiterf\u00fchrt.<br><br>Ziel ist es diese Unternehmen weiter wachsen zu lassen und zu vernetzen.<br><br><strong>Hierzu geh\u00f6ren:<\/strong><br><br>&#8211; Versicherungsmakler<br>&#8211; Hausverwaltungen<\/p>\n\n\n\n<p><\/p>\n\n\n\n<p>Nehmen Sie gerne mit uns Kontakt auf, um eine m\u00f6gliche \u00dcbernahme\/Zusammenarbeit zu pr\u00fcfen.<\/p>\n<\/div><\/div>\n","protected":false},"excerpt":{"rendered":"<p>Die mvn24 UG (haftungsbeschr\u00e4nkt) ist ein strategischer Investor, der Unternehmen, die zu seinem Porfolio passen, [&hellip;]<\/p>\n","protected":false},"author":1,"featured_media":0,"parent":0,"menu_order":0,"comment_status":"closed","ping_status":"closed","template":"","meta":{"footnotes":""},"class_list":["post-285","page","type-page","status-publish","hentry"],"_links":{"self":[{"href":"https:\/\/selchow.de\/wp\/index.php?rest_route=\/wp\/v2\/pages\/285","targetHints":{"allow":["GET"]}}],"collection":[{"href":"https:\/\/selchow.de\/wp\/index.php?rest_route=\/wp\/v2\/pages"}],"about":[{"href":"https:\/\/selchow.de\/wp\/index.php?rest_route=\/wp\/v2\/types\/page"}],"author":[{"embeddable":true,"href":"https:\/\/selchow.de\/wp\/index.php?rest_route=\/wp\/v2\/users\/1"}],"replies":[{"embeddable":true,"href":"https:\/\/selchow.de\/wp\/index.php?rest_route=%2Fwp%2Fv2%2Fcomments&post=285"}],"version-history":[{"count":5,"href":"https:\/\/selchow.de\/wp\/index.php?rest_route=\/wp\/v2\/pages\/285\/revisions"}],"predecessor-version":[{"id":359,"href":"https:\/\/selchow.de\/wp\/index.php?rest_route=\/wp\/v2\/pages\/285\/revisions\/359"}],"wp:attachment":[{"href":"https:\/\/selchow.de\/wp\/index.php?rest_route=%2Fwp%2Fv2%2Fmedia&parent=285"}],"curies":[{"name":"wp","href":"https:\/\/api.w.org\/{rel}","templated":true}]}}