{"id":276,"date":"2025-06-09T19:21:36","date_gmt":"2025-06-09T17:21:36","guid":{"rendered":"https:\/\/selchow.de\/wp\/?page_id=276"},"modified":"2026-01-05T19:13:13","modified_gmt":"2026-01-05T18:13:13","slug":"kooperationspartner","status":"publish","type":"page","link":"https:\/\/selchow.de\/wp\/?page_id=276","title":{"rendered":"Kooperationspartner"},"content":{"rendered":"\n<div class=\"wp-block-media-text is-stacked-on-mobile\"><figure class=\"wp-block-media-text__media\"><img loading=\"lazy\" decoding=\"async\" width=\"1000\" height=\"219\" src=\"https:\/\/selchow.de\/wp\/wp-content\/uploads\/2025\/06\/md2x-1.jpg\" alt=\"\" class=\"wp-image-74 size-full\" srcset=\"https:\/\/selchow.de\/wp\/wp-content\/uploads\/2025\/06\/md2x-1.jpg 1000w, https:\/\/selchow.de\/wp\/wp-content\/uploads\/2025\/06\/md2x-1-300x66.jpg 300w, https:\/\/selchow.de\/wp\/wp-content\/uploads\/2025\/06\/md2x-1-768x168.jpg 768w\" sizes=\"auto, (max-width: 1000px) 100vw, 1000px\" \/><\/figure><div class=\"wp-block-media-text__content\">\n<p><strong>Insurgo<\/strong> ist unser Softwarepartner f\u00fcr unser Kundenverwaltung inkl. Kunden-APP<br><br>Es handelt sich um ein sehr innovatives und modernes, cloudbasiertes Programm, welches unsere Effektivit\u00e4t noch einmal gesteigert hat und viele Vorg\u00e4nge automatisiert abdeckt.<\/p>\n<\/div><\/div>\n\n\n\n<div class=\"wp-block-media-text is-stacked-on-mobile\"><figure class=\"wp-block-media-text__media\"><img loading=\"lazy\" decoding=\"async\" width=\"340\" height=\"64\" src=\"https:\/\/selchow.de\/wp\/wp-content\/uploads\/2025\/06\/image001.png\" alt=\"\" class=\"wp-image-91 size-full\" srcset=\"https:\/\/selchow.de\/wp\/wp-content\/uploads\/2025\/06\/image001.png 340w, https:\/\/selchow.de\/wp\/wp-content\/uploads\/2025\/06\/image001-300x56.png 300w\" sizes=\"auto, (max-width: 340px) 100vw, 340px\" \/><\/figure><div class=\"wp-block-media-text__content\">\n<p>Die <strong>VEMA eG<\/strong> ist eine Genossenschaft f\u00fcr Versicherungsmakler, \u00fcber die wir spezielle Produkte und Deckungskonzepte umsetzen k\u00f6nnen.<\/p>\n<\/div><\/div>\n\n\n\n<div class=\"wp-block-media-text is-stacked-on-mobile\"><figure class=\"wp-block-media-text__media\"><img loading=\"lazy\" decoding=\"async\" width=\"180\" height=\"180\" src=\"https:\/\/selchow.de\/wp\/wp-content\/uploads\/2025\/06\/Fonds_Finanz_Unternehmenslogo_neu.png\" alt=\"\" class=\"wp-image-278 size-full\" srcset=\"https:\/\/selchow.de\/wp\/wp-content\/uploads\/2025\/06\/Fonds_Finanz_Unternehmenslogo_neu.png 180w, https:\/\/selchow.de\/wp\/wp-content\/uploads\/2025\/06\/Fonds_Finanz_Unternehmenslogo_neu-150x150.png 150w\" sizes=\"auto, (max-width: 180px) 100vw, 180px\" \/><\/figure><div class=\"wp-block-media-text__content\">\n<p>Die <strong>FondsFinanz<\/strong> ist unser gro\u00dfer Poolpartner bei der Verwaltung von Versicherungsvertr\u00e4gen mit Gesellschaften, zu denen wir keine direkte Vertragsbeziehung unterhalten.<\/p>\n<\/div><\/div>\n\n\n\n<div class=\"wp-block-media-text is-stacked-on-mobile\"><figure class=\"wp-block-media-text__media\"><img loading=\"lazy\" decoding=\"async\" width=\"465\" height=\"108\" src=\"https:\/\/selchow.de\/wp\/wp-content\/uploads\/2025\/06\/Unbenannt-2.jpg\" alt=\"\" class=\"wp-image-277 size-full\" srcset=\"https:\/\/selchow.de\/wp\/wp-content\/uploads\/2025\/06\/Unbenannt-2.jpg 465w, https:\/\/selchow.de\/wp\/wp-content\/uploads\/2025\/06\/Unbenannt-2-300x70.jpg 300w\" sizes=\"auto, (max-width: 465px) 100vw, 465px\" \/><\/figure><div class=\"wp-block-media-text__content\">\n<p><strong>Qualitypool<\/strong> ist ein weiterer Poolpartner<\/p>\n<\/div><\/div>\n\n\n\n<div class=\"wp-block-media-text is-stacked-on-mobile\"><figure class=\"wp-block-media-text__media\"><img loading=\"lazy\" decoding=\"async\" width=\"668\" height=\"144\" src=\"https:\/\/selchow.de\/wp\/wp-content\/uploads\/2025\/06\/logo-leistbar-panorama.jpg\" alt=\"\" class=\"wp-image-279 size-full\" srcset=\"https:\/\/selchow.de\/wp\/wp-content\/uploads\/2025\/06\/logo-leistbar-panorama.jpg 668w, https:\/\/selchow.de\/wp\/wp-content\/uploads\/2025\/06\/logo-leistbar-panorama-300x65.jpg 300w\" sizes=\"auto, (max-width: 668px) 100vw, 668px\" \/><\/figure><div class=\"wp-block-media-text__content\">\n<p>Das Team von <strong>leistbar24<\/strong> hilft und vor allem begleitet unsere Kunden bei einem Leistungsbegehren aus einem Vertrag der Berufsunf\u00e4higkeit. <br>Die Antragsstellung f\u00fcr eine Leistungspr\u00fcfung ist extrem umfangreich und bietet viele Fallstricke. <br>Au\u00dferdem kann es immer wieder zu einer Rechtsberatung kommen, die wir als Versicherungsmakler nicht durchf\u00fchren d\u00fcrfen. <br>Aus diesen Gr\u00fcnden grenzen wir diesen Bereich ab.<\/p>\n<\/div><\/div>\n","protected":false},"excerpt":{"rendered":"<p>Insurgo ist unser Softwarepartner f\u00fcr unser Kundenverwaltung inkl. Kunden-APP Es handelt sich um ein sehr [&hellip;]<\/p>\n","protected":false},"author":1,"featured_media":0,"parent":0,"menu_order":0,"comment_status":"closed","ping_status":"closed","template":"","meta":{"footnotes":""},"class_list":["post-276","page","type-page","status-publish","hentry"],"_links":{"self":[{"href":"https:\/\/selchow.de\/wp\/index.php?rest_route=\/wp\/v2\/pages\/276","targetHints":{"allow":["GET"]}}],"collection":[{"href":"https:\/\/selchow.de\/wp\/index.php?rest_route=\/wp\/v2\/pages"}],"about":[{"href":"https:\/\/selchow.de\/wp\/index.php?rest_route=\/wp\/v2\/types\/page"}],"author":[{"embeddable":true,"href":"https:\/\/selchow.de\/wp\/index.php?rest_route=\/wp\/v2\/users\/1"}],"replies":[{"embeddable":true,"href":"https:\/\/selchow.de\/wp\/index.php?rest_route=%2Fwp%2Fv2%2Fcomments&post=276"}],"version-history":[{"count":3,"href":"https:\/\/selchow.de\/wp\/index.php?rest_route=\/wp\/v2\/pages\/276\/revisions"}],"predecessor-version":[{"id":374,"href":"https:\/\/selchow.de\/wp\/index.php?rest_route=\/wp\/v2\/pages\/276\/revisions\/374"}],"wp:attachment":[{"href":"https:\/\/selchow.de\/wp\/index.php?rest_route=%2Fwp%2Fv2%2Fmedia&parent=276"}],"curies":[{"name":"wp","href":"https:\/\/api.w.org\/{rel}","templated":true}]}}