{"id":20,"date":"2025-06-06T17:46:39","date_gmt":"2025-06-06T15:46:39","guid":{"rendered":"https:\/\/selchow.de\/wp\/?page_id=20"},"modified":"2025-06-08T13:54:42","modified_gmt":"2025-06-08T11:54:42","slug":"ernst-kroeger-sohn-immobilien-ohg","status":"publish","type":"page","link":"https:\/\/selchow.de\/wp\/?page_id=20","title":{"rendered":"Ernst Kr\u00f6ger &#038; Sohn Immobilien oHG"},"content":{"rendered":"\n<div class=\"wp-block-media-text is-stacked-on-mobile\"><figure class=\"wp-block-media-text__media\"><img loading=\"lazy\" decoding=\"async\" width=\"500\" height=\"206\" src=\"https:\/\/selchow.de\/wp\/wp-content\/uploads\/2025\/06\/logo_ernst-kroeger-und-sohn-immobilien.png\" alt=\"\" class=\"wp-image-210 size-full\" srcset=\"https:\/\/selchow.de\/wp\/wp-content\/uploads\/2025\/06\/logo_ernst-kroeger-und-sohn-immobilien.png 500w, https:\/\/selchow.de\/wp\/wp-content\/uploads\/2025\/06\/logo_ernst-kroeger-und-sohn-immobilien-300x124.png 300w\" sizes=\"auto, (max-width: 500px) 100vw, 500px\" \/><\/figure><div class=\"wp-block-media-text__content\">\n<h4 class=\"wp-block-heading\">Die Hausverwaltung <br>Ernst Kr\u00f6ger &amp; Sohn Immobilien oHG <br>ist Ihr verl\u00e4sslicher Partner f\u00fcr die Verwaltung Ihrer Immobilie.<br><br><\/h4>\n<\/div><\/div>\n\n\n\n<p>Die Immobilienverwaltung deckt alle Bereiche einer Verwaltert\u00e4tigkeit ab.<\/p>\n\n\n\n<p>Sie hat ihren Sitz in Bad Schwartau und betreut dort in diesem Gro\u00dfraum, auch im Bereich der Ostsee hoch bis Fehmarn, zahlreiche Objekte.<br><br>Au\u00dferdem werden weitere Mandate im Gro\u00dfraum Kiel und Eckernf\u00f6rde betreut.<br><\/p>\n\n\n\n<p>Gerne steht Ihnen das Team f\u00fcr <a href=\"https:\/\/www.eks-badschwartau.de\/\" target=\"_blank\" rel=\"noreferrer noopener\">Ihre Anfrage<\/a> zur Verf\u00fcgung.<\/p>\n","protected":false},"excerpt":{"rendered":"<p>Die Hausverwaltung Ernst Kr\u00f6ger &amp; Sohn Immobilien oHG ist Ihr verl\u00e4sslicher Partner f\u00fcr die Verwaltung [&hellip;]<\/p>\n","protected":false},"author":1,"featured_media":0,"parent":0,"menu_order":0,"comment_status":"closed","ping_status":"closed","template":"","meta":{"footnotes":""},"class_list":["post-20","page","type-page","status-publish","hentry"],"_links":{"self":[{"href":"https:\/\/selchow.de\/wp\/index.php?rest_route=\/wp\/v2\/pages\/20","targetHints":{"allow":["GET"]}}],"collection":[{"href":"https:\/\/selchow.de\/wp\/index.php?rest_route=\/wp\/v2\/pages"}],"about":[{"href":"https:\/\/selchow.de\/wp\/index.php?rest_route=\/wp\/v2\/types\/page"}],"author":[{"embeddable":true,"href":"https:\/\/selchow.de\/wp\/index.php?rest_route=\/wp\/v2\/users\/1"}],"replies":[{"embeddable":true,"href":"https:\/\/selchow.de\/wp\/index.php?rest_route=%2Fwp%2Fv2%2Fcomments&post=20"}],"version-history":[{"count":3,"href":"https:\/\/selchow.de\/wp\/index.php?rest_route=\/wp\/v2\/pages\/20\/revisions"}],"predecessor-version":[{"id":212,"href":"https:\/\/selchow.de\/wp\/index.php?rest_route=\/wp\/v2\/pages\/20\/revisions\/212"}],"wp:attachment":[{"href":"https:\/\/selchow.de\/wp\/index.php?rest_route=%2Fwp%2Fv2%2Fmedia&parent=20"}],"curies":[{"name":"wp","href":"https:\/\/api.w.org\/{rel}","templated":true}]}}