{"id":146,"date":"2025-06-07T01:24:21","date_gmt":"2025-06-06T23:24:21","guid":{"rendered":"https:\/\/selchow.de\/wp\/?page_id=146"},"modified":"2025-09-23T15:21:29","modified_gmt":"2025-09-23T13:21:29","slug":"kfz-versicherung","status":"publish","type":"page","link":"https:\/\/selchow.de\/wp\/?page_id=146","title":{"rendered":"Kfz-Versicherung"},"content":{"rendered":"\n<div class=\"wp-block-media-text is-stacked-on-mobile\"><figure class=\"wp-block-media-text__media\"><img loading=\"lazy\" decoding=\"async\" width=\"762\" height=\"510\" src=\"https:\/\/selchow.de\/wp\/wp-content\/uploads\/2025\/06\/pexels-photo-167890.png\" alt=\"\" class=\"wp-image-241 size-full\" srcset=\"https:\/\/selchow.de\/wp\/wp-content\/uploads\/2025\/06\/pexels-photo-167890.png 762w, https:\/\/selchow.de\/wp\/wp-content\/uploads\/2025\/06\/pexels-photo-167890-300x201.png 300w\" sizes=\"auto, (max-width: 762px) 100vw, 762px\" \/><\/figure><div class=\"wp-block-media-text__content\">\n<p><strong>Die Kfz-Versicherung<\/strong><br><br>Ein schnellebiges und f\u00fcr den Laien nicht einfaches Versicherungsprodukt, welches schnell Fallen und Striocke bereit halten kann.<br><br>H\u00e4ufig merken Sie dies erst im Schadenfall bzw im Antragsprozess.<br><br>\u00dcberlassen Sie dieses Produkt den Profies, die Sie umfassend auf die Details und wichtigen Punkte im Vorwege hinweisen. so dass Sie die beste Entscheidung treffen k\u00f6nnen.<\/p>\n<\/div><\/div>\n\n\n\n<p>Ein reiner Vergleich \u00fcber den Preis wird diesem Produkt nicht gerecht. Es spielen so viele Details und Eckdaten in die korrekte Pr\u00e4mienfindung hinein, so dass Kleinigkeiten sich bedeutend auswirken k\u00f6nnen.<br><br>Gerne rechnen und unterst\u00fctzen wir Sie und ben\u00f6tigen dazu ein paar <a href=\"https:\/\/selchow.de\/wp\/?page_id=52\" data-type=\"page\" data-id=\"52\">Detaildaten<\/a>.<br><\/p>\n","protected":false},"excerpt":{"rendered":"<p>Die Kfz-Versicherung Ein schnellebiges und f\u00fcr den Laien nicht einfaches Versicherungsprodukt, welches schnell Fallen und [&hellip;]<\/p>\n","protected":false},"author":1,"featured_media":0,"parent":0,"menu_order":0,"comment_status":"closed","ping_status":"closed","template":"","meta":{"footnotes":""},"class_list":["post-146","page","type-page","status-publish","hentry"],"_links":{"self":[{"href":"https:\/\/selchow.de\/wp\/index.php?rest_route=\/wp\/v2\/pages\/146","targetHints":{"allow":["GET"]}}],"collection":[{"href":"https:\/\/selchow.de\/wp\/index.php?rest_route=\/wp\/v2\/pages"}],"about":[{"href":"https:\/\/selchow.de\/wp\/index.php?rest_route=\/wp\/v2\/types\/page"}],"author":[{"embeddable":true,"href":"https:\/\/selchow.de\/wp\/index.php?rest_route=\/wp\/v2\/users\/1"}],"replies":[{"embeddable":true,"href":"https:\/\/selchow.de\/wp\/index.php?rest_route=%2Fwp%2Fv2%2Fcomments&post=146"}],"version-history":[{"count":5,"href":"https:\/\/selchow.de\/wp\/index.php?rest_route=\/wp\/v2\/pages\/146\/revisions"}],"predecessor-version":[{"id":337,"href":"https:\/\/selchow.de\/wp\/index.php?rest_route=\/wp\/v2\/pages\/146\/revisions\/337"}],"wp:attachment":[{"href":"https:\/\/selchow.de\/wp\/index.php?rest_route=%2Fwp%2Fv2%2Fmedia&parent=146"}],"curies":[{"name":"wp","href":"https:\/\/api.w.org\/{rel}","templated":true}]}}