{"id":142,"date":"2025-06-07T01:23:32","date_gmt":"2025-06-06T23:23:32","guid":{"rendered":"https:\/\/selchow.de\/wp\/?page_id=142"},"modified":"2025-09-23T15:36:51","modified_gmt":"2025-09-23T13:36:51","slug":"berufsunfaehigkeit","status":"publish","type":"page","link":"https:\/\/selchow.de\/wp\/?page_id=142","title":{"rendered":"Berufsunf\u00e4higkeit"},"content":{"rendered":"\n<div class=\"wp-block-media-text is-stacked-on-mobile\" style=\"grid-template-columns:23% auto\"><figure class=\"wp-block-media-text__media\"><img loading=\"lazy\" decoding=\"async\" width=\"100\" height=\"100\" src=\"https:\/\/selchow.de\/wp\/wp-content\/uploads\/2025\/06\/icon-4.png\" alt=\"\" class=\"wp-image-224 size-full\"\/><\/figure><div class=\"wp-block-media-text__content\">\n<p>Die Berufsunf\u00e4higkeitsabsicherung ist eines der wichtigtsten und zentralsten Versicherungsprodukt, um Ihre Arbeitskraft abzusichern.<br><br>Starten kann man dieses Produkt bereits mit einer Sch\u00fcler\/Kinder- Berufsunf\u00e4higkeitsabsicherung.<br>Aber sp\u00e4testens mit dem Ende der Schule und dem \u00dcbergang ins Berufs- oder Studienleben sollte diese Form der Absicherung intensiv gepr\u00fcft werden. <br>Gerade f\u00fcr die jungen Menschen, die nach der Schule ins Handwerk gehen wollen, sollte zum Ende der Schulzeit dieses Produkt gepr\u00fcft und umgesetzt werden. In der Regel wird dadurch eine bessere Berufsklasseneinstufung und somit g\u00fcnstigere Beitrag umgesetzt, der \u00fcber die Jahre einen deutlichen Beitragsvorteil aufzeigt.<\/p>\n<\/div><\/div>\n\n\n\n<p>Weitere Formen der Absicherung bzw Erg\u00e4nzungen sind:<br><br>&#8211; Absicherung gegen schwere Krankheiten\/Gebrechen und Grundf\u00e4higkeiten<br>&#8211; Arbeitsunf\u00e4higkeit<br><br>Es sollte immer \u00fcber eine Beitrags &#8211; und Leistungsdynsmik nachgedacht werden. <br><br>Zus\u00e4tzlich ist es sinnvoll \u00fcber eine Absicherung der Altersvorsorge zu pr\u00fcfen, denn:<br><br>Wer nicht in die gesetzliche Rentenversicherung durch einen Arbeitsverh\u00e4ltnis einzahlt kann auch eine Altersrentenanspr\u00fcche aufbauen und ben\u00f6tigt daher eine private Absicherung.<br><br><\/p>\n","protected":false},"excerpt":{"rendered":"<p>Die Berufsunf\u00e4higkeitsabsicherung ist eines der wichtigtsten und zentralsten Versicherungsprodukt, um Ihre Arbeitskraft abzusichern. Starten kann [&hellip;]<\/p>\n","protected":false},"author":1,"featured_media":0,"parent":0,"menu_order":0,"comment_status":"closed","ping_status":"closed","template":"","meta":{"footnotes":""},"class_list":["post-142","page","type-page","status-publish","hentry"],"_links":{"self":[{"href":"https:\/\/selchow.de\/wp\/index.php?rest_route=\/wp\/v2\/pages\/142","targetHints":{"allow":["GET"]}}],"collection":[{"href":"https:\/\/selchow.de\/wp\/index.php?rest_route=\/wp\/v2\/pages"}],"about":[{"href":"https:\/\/selchow.de\/wp\/index.php?rest_route=\/wp\/v2\/types\/page"}],"author":[{"embeddable":true,"href":"https:\/\/selchow.de\/wp\/index.php?rest_route=\/wp\/v2\/users\/1"}],"replies":[{"embeddable":true,"href":"https:\/\/selchow.de\/wp\/index.php?rest_route=%2Fwp%2Fv2%2Fcomments&post=142"}],"version-history":[{"count":4,"href":"https:\/\/selchow.de\/wp\/index.php?rest_route=\/wp\/v2\/pages\/142\/revisions"}],"predecessor-version":[{"id":341,"href":"https:\/\/selchow.de\/wp\/index.php?rest_route=\/wp\/v2\/pages\/142\/revisions\/341"}],"wp:attachment":[{"href":"https:\/\/selchow.de\/wp\/index.php?rest_route=%2Fwp%2Fv2%2Fmedia&parent=142"}],"curies":[{"name":"wp","href":"https:\/\/api.w.org\/{rel}","templated":true}]}}