{"id":140,"date":"2025-06-07T01:23:08","date_gmt":"2025-06-06T23:23:08","guid":{"rendered":"https:\/\/selchow.de\/wp\/?page_id=140"},"modified":"2025-09-23T15:54:01","modified_gmt":"2025-09-23T13:54:01","slug":"gewerbeversicherung","status":"publish","type":"page","link":"https:\/\/selchow.de\/wp\/?page_id=140","title":{"rendered":"Gewerbeversicherung"},"content":{"rendered":"\n<div class=\"wp-block-media-text is-stacked-on-mobile\"><figure class=\"wp-block-media-text__media\"><img loading=\"lazy\" decoding=\"async\" width=\"1024\" height=\"678\" src=\"https:\/\/selchow.de\/wp\/wp-content\/uploads\/2025\/06\/people-office-group-team-1024x678.jpg\" alt=\"\" class=\"wp-image-237 size-full\" srcset=\"https:\/\/selchow.de\/wp\/wp-content\/uploads\/2025\/06\/people-office-group-team-1024x678.jpg 1024w, https:\/\/selchow.de\/wp\/wp-content\/uploads\/2025\/06\/people-office-group-team-300x199.jpg 300w, https:\/\/selchow.de\/wp\/wp-content\/uploads\/2025\/06\/people-office-group-team-768x509.jpg 768w, https:\/\/selchow.de\/wp\/wp-content\/uploads\/2025\/06\/people-office-group-team-1536x1017.jpg 1536w, https:\/\/selchow.de\/wp\/wp-content\/uploads\/2025\/06\/people-office-group-team-2048x1356.jpg 2048w\" sizes=\"auto, (max-width: 1024px) 100vw, 1024px\" \/><\/figure><div class=\"wp-block-media-text__content\">\n<p>Die gewerbliche Versicherung umfasst sehr viele Absicherungsbereiche und sollten intensiv besproche und gepr\u00fcft werden.<br><br>Es kann die Existenz des Betriebes davon abh\u00e4ngen und ggf neben dem Hauptschadenereignis noch einmal gro\u00dfe finanzielle Probleme verursachen.<\/p>\n<\/div><\/div>\n\n\n\n<p>Als grobe Orientierung umfassen die gewerblichen Verischerungen folgende Bereiche:<br><br>Betriebshaftpflicht<br>Inhaltsversicherung inkl. Betriebsunterbrechung<br>Glasbruch<br><br>Cyberversicherung<br>Verm\u00f6gensschaden-Haftpflicht f\u00fcr spezielle Berufsbereiche<br>Spezielle Erg\u00e4nzungsprodukte je nach Gewerbe<br><br>Rechtsschutz inkl. Vertragsrechtsschutz und ggf Spezial-Straf-Rechtsschutz<br><br>Dies ist nur ein grober Auszug. Ohne eine individuelle und vor allem umfassende Anlayse und Betrachtung sollte keine Absicherung umgesetzt werden.<br><br>Nehmen Sie sich die Zeit.<br><br><\/p>\n","protected":false},"excerpt":{"rendered":"<p>Die gewerbliche Versicherung umfasst sehr viele Absicherungsbereiche und sollten intensiv besproche und gepr\u00fcft werden. Es [&hellip;]<\/p>\n","protected":false},"author":1,"featured_media":0,"parent":0,"menu_order":0,"comment_status":"closed","ping_status":"closed","template":"","meta":{"footnotes":""},"class_list":["post-140","page","type-page","status-publish","hentry"],"_links":{"self":[{"href":"https:\/\/selchow.de\/wp\/index.php?rest_route=\/wp\/v2\/pages\/140","targetHints":{"allow":["GET"]}}],"collection":[{"href":"https:\/\/selchow.de\/wp\/index.php?rest_route=\/wp\/v2\/pages"}],"about":[{"href":"https:\/\/selchow.de\/wp\/index.php?rest_route=\/wp\/v2\/types\/page"}],"author":[{"embeddable":true,"href":"https:\/\/selchow.de\/wp\/index.php?rest_route=\/wp\/v2\/users\/1"}],"replies":[{"embeddable":true,"href":"https:\/\/selchow.de\/wp\/index.php?rest_route=%2Fwp%2Fv2%2Fcomments&post=140"}],"version-history":[{"count":4,"href":"https:\/\/selchow.de\/wp\/index.php?rest_route=\/wp\/v2\/pages\/140\/revisions"}],"predecessor-version":[{"id":348,"href":"https:\/\/selchow.de\/wp\/index.php?rest_route=\/wp\/v2\/pages\/140\/revisions\/348"}],"wp:attachment":[{"href":"https:\/\/selchow.de\/wp\/index.php?rest_route=%2Fwp%2Fv2%2Fmedia&parent=140"}],"curies":[{"name":"wp","href":"https:\/\/api.w.org\/{rel}","templated":true}]}}