{"id":136,"date":"2025-06-07T01:22:14","date_gmt":"2025-06-06T23:22:14","guid":{"rendered":"https:\/\/selchow.de\/wp\/?page_id=136"},"modified":"2025-09-23T15:48:27","modified_gmt":"2025-09-23T13:48:27","slug":"wohngebaeude","status":"publish","type":"page","link":"https:\/\/selchow.de\/wp\/?page_id=136","title":{"rendered":"Wohngeb\u00e4udeversicherung"},"content":{"rendered":"\n<div class=\"wp-block-media-text is-stacked-on-mobile\"><figure class=\"wp-block-media-text__media\"><img loading=\"lazy\" decoding=\"async\" width=\"1024\" height=\"681\" src=\"https:\/\/selchow.de\/wp\/wp-content\/uploads\/2025\/06\/pexels-photo-164516-1024x681.jpeg\" alt=\"\" class=\"wp-image-238 size-full\" srcset=\"https:\/\/selchow.de\/wp\/wp-content\/uploads\/2025\/06\/pexels-photo-164516-1024x681.jpeg 1024w, https:\/\/selchow.de\/wp\/wp-content\/uploads\/2025\/06\/pexels-photo-164516-300x199.jpeg 300w, https:\/\/selchow.de\/wp\/wp-content\/uploads\/2025\/06\/pexels-photo-164516-768x511.jpeg 768w, https:\/\/selchow.de\/wp\/wp-content\/uploads\/2025\/06\/pexels-photo-164516-1536x1021.jpeg 1536w, https:\/\/selchow.de\/wp\/wp-content\/uploads\/2025\/06\/pexels-photo-164516-2048x1362.jpeg 2048w\" sizes=\"auto, (max-width: 1024px) 100vw, 1024px\" \/><\/figure><div class=\"wp-block-media-text__content\">\n<p>Sichern Sie ihr Eigenheim umfassend ab<\/p>\n<\/div><\/div>\n\n\n\n<p>Bei der Absicherung der eigenen Immobilie sollten Sie auf folgende Punkte achten:<br> <br>Welche Leistungsbausteine oder Tarifvarianten bietet mir der Versicherer an? <br><br>In der Regel h\u00e4lt ein Versicherer zwei Arten von Produkten vor. Eine Basisabsicherung und eine Premiumvariante. Beide k\u00f6nnen noch durch weitere, extra Leistungsbausteine erg\u00e4nzt werden.<br><br>Ist die Versicherungssumme des Geb\u00e4udes korrekt erfasst worden mit all seinen Nebengeb\u00e4uden?<br><br>Kommen optionale Erweiterungen zus\u00e4tzlich in Frage:<br><br>&#8211; Elementarsch\u00e4den<br>&#8211; Glasbruch<br>&#8211; unbenannte Gefahren<br>&#8211; sonstige Erweiterungen<br><br>Vor allem sollten Sie immer alle Ver\u00e4nderungen am Geb\u00e4ude dem Versicherer anzeigen. Nur dann sind Sie sicher, dass diese \u00c4nderungen auch korrekt mitversichert sind. <\/p>\n","protected":false},"excerpt":{"rendered":"<p>Sichern Sie ihr Eigenheim umfassend ab Bei der Absicherung der eigenen Immobilie sollten Sie auf [&hellip;]<\/p>\n","protected":false},"author":1,"featured_media":0,"parent":0,"menu_order":0,"comment_status":"closed","ping_status":"closed","template":"","meta":{"footnotes":""},"class_list":["post-136","page","type-page","status-publish","hentry"],"_links":{"self":[{"href":"https:\/\/selchow.de\/wp\/index.php?rest_route=\/wp\/v2\/pages\/136","targetHints":{"allow":["GET"]}}],"collection":[{"href":"https:\/\/selchow.de\/wp\/index.php?rest_route=\/wp\/v2\/pages"}],"about":[{"href":"https:\/\/selchow.de\/wp\/index.php?rest_route=\/wp\/v2\/types\/page"}],"author":[{"embeddable":true,"href":"https:\/\/selchow.de\/wp\/index.php?rest_route=\/wp\/v2\/users\/1"}],"replies":[{"embeddable":true,"href":"https:\/\/selchow.de\/wp\/index.php?rest_route=%2Fwp%2Fv2%2Fcomments&post=136"}],"version-history":[{"count":4,"href":"https:\/\/selchow.de\/wp\/index.php?rest_route=\/wp\/v2\/pages\/136\/revisions"}],"predecessor-version":[{"id":346,"href":"https:\/\/selchow.de\/wp\/index.php?rest_route=\/wp\/v2\/pages\/136\/revisions\/346"}],"wp:attachment":[{"href":"https:\/\/selchow.de\/wp\/index.php?rest_route=%2Fwp%2Fv2%2Fmedia&parent=136"}],"curies":[{"name":"wp","href":"https:\/\/api.w.org\/{rel}","templated":true}]}}